{"id":247182,"date":"2016-06-24T13:26:56","date_gmt":"2016-06-24T11:26:56","guid":{"rendered":"https:\/\/gyemantekszer.com\/termek\/portofino-gyemant-fulbevalo\/"},"modified":"2026-03-09T13:04:41","modified_gmt":"2026-03-09T12:04:41","slug":"portofino-gyemant-fulbevalo","status":"publish","type":"product","link":"https:\/\/gyemantekszer.com\/en\/termek\/portofino-gyemant-fulbevalo\/","title":{"rendered":"Coscia &#8211; Portofino gy\u00e9m\u00e1nt f\u00fclbeval\u00f3"},"content":{"rendered":"","protected":false},"excerpt":{"rendered":"<p>Csod\u00e1latos konyak gy\u00e9m\u00e1ntokkal d\u00edsz\u00edtett f\u00fclbeval\u00f3, melyet a feh\u00e9r arany fel\u00fclete fekete r\u00f3diumozva lett k\u00fcl\u00f6nleges megjelen\u00e9s hat\u00e1s\u00e1\u00e9rt. A feh\u00e9r \u00e9desv\u00edzi gy\u00f6nggyel\u00a0 igazi modern darabb\u00e1 var\u00e1zsol.<\/p>\n","protected":false},"featured_media":235614,"comment_status":"open","ping_status":"closed","template":"","meta":{"_acf_changed":false},"product_brand":[],"product_cat":[1918],"product_tag":[133,1310,1305,136],"class_list":{"0":"post-247182","1":"product","2":"type-product","3":"status-publish","4":"has-post-thumbnail","6":"product_cat-fulbevalo","7":"product_tag-noi","8":"product_tag-feher-gyemant","9":"product_tag-feher-arany","10":"product_tag-gyongyos","11":"pa_kollekcio-exkluziv-ekszerek","12":"pa_marka-coscia","13":"pa_meret-35-cm-hosszu","14":"pa_otvozet-finomsaga-143","15":"pa_suly-68-gr","16":"pa_zarak-stekkeres-atszuros-zar","18":"first","19":"outofstock","20":"sold-individually","21":"taxable","22":"shipping-taxable","23":"product-type-simple"},"acf":[],"_links":{"self":[{"href":"https:\/\/gyemantekszer.com\/en\/wp-json\/wp\/v2\/product\/247182","targetHints":{"allow":["GET"]}}],"collection":[{"href":"https:\/\/gyemantekszer.com\/en\/wp-json\/wp\/v2\/product"}],"about":[{"href":"https:\/\/gyemantekszer.com\/en\/wp-json\/wp\/v2\/types\/product"}],"replies":[{"embeddable":true,"href":"https:\/\/gyemantekszer.com\/en\/wp-json\/wp\/v2\/comments?post=247182"}],"wp:featuredmedia":[{"embeddable":true,"href":"https:\/\/gyemantekszer.com\/en\/wp-json\/wp\/v2\/media\/235614"}],"wp:attachment":[{"href":"https:\/\/gyemantekszer.com\/en\/wp-json\/wp\/v2\/media?parent=247182"}],"wp:term":[{"taxonomy":"product_brand","embeddable":true,"href":"https:\/\/gyemantekszer.com\/en\/wp-json\/wp\/v2\/product_brand?post=247182"},{"taxonomy":"product_cat","embeddable":true,"href":"https:\/\/gyemantekszer.com\/en\/wp-json\/wp\/v2\/product_cat?post=247182"},{"taxonomy":"product_tag","embeddable":true,"href":"https:\/\/gyemantekszer.com\/en\/wp-json\/wp\/v2\/product_tag?post=247182"}],"curies":[{"name":"wp","href":"https:\/\/api.w.org\/{rel}","templated":true}]}}