{"id":247178,"date":"2016-06-24T14:30:36","date_gmt":"2016-06-24T12:30:36","guid":{"rendered":"https:\/\/gyemantekszer.com\/termek\/manarola-gyemant-gyuru-2\/"},"modified":"2025-09-29T12:41:08","modified_gmt":"2025-09-29T10:41:08","slug":"manarola-gyemant-gyuru-2","status":"publish","type":"product","link":"https:\/\/gyemantekszer.com\/en\/termek\/manarola-gyemant-gyuru-2\/","title":{"rendered":"Manarola gy\u00e9m\u00e1nt gy\u0171r\u0171"},"content":{"rendered":"","protected":false},"excerpt":{"rendered":"<p>Visszafogott, eleg\u00e1ns, de a fel\u00fcletek kialak\u00edt\u00e1s\u00e1nak k\u00f6sz\u00f6nhet\u0151en m\u00e9gis modern st\u00edlus\u00fa ez a keskeny f\u00e9rfi gy\u00e9m\u00e1nt karikagy\u0171r\u0171. R\u00f3zsasz\u00edn\u0171 matt\u00edrozott fel\u00fclet \u00e9s feh\u00e9r f\u00e9nyes arany r\u00e9sz v\u00e1ltja egym\u00e1st. A k\u00e9t sz\u00edn k\u00f6z\u00f6tt s\u00fcllyesztett foglalatban helyezkednek el a csillog\u00f3 brili\u00e1ns csiszol\u00e1s\u00fa gy\u00e9m\u00e1ntok.<\/p>\n","protected":false},"featured_media":235590,"comment_status":"open","ping_status":"open","template":"","meta":{"_acf_changed":false},"product_brand":[],"product_cat":[1979],"product_tag":[1920,1390,1378,1385,1383,1376,1375],"class_list":{"0":"post-247178","1":"product","2":"type-product","3":"status-publish","4":"has-post-thumbnail","6":"product_cat-wedding-ring","7":"product_tag-gravirozhato","8":"product_tag-jewel-setts","9":"product_tag-men","10":"product_tag-rose-gold","11":"product_tag-sizeable","12":"product_tag-white-diamond","13":"product_tag-white-gold","14":"pa_kollekcio-exkluziv-ekszerek","15":"pa_marka-lenti-villasco","16":"pa_meret-406","17":"pa_otvozet-finomsaga-143","18":"pa_suly-58-gr","20":"first","21":"instock","22":"sold-individually","23":"taxable","24":"shipping-taxable","25":"purchasable","26":"product-type-simple"},"acf":[],"_links":{"self":[{"href":"https:\/\/gyemantekszer.com\/en\/wp-json\/wp\/v2\/product\/247178","targetHints":{"allow":["GET"]}}],"collection":[{"href":"https:\/\/gyemantekszer.com\/en\/wp-json\/wp\/v2\/product"}],"about":[{"href":"https:\/\/gyemantekszer.com\/en\/wp-json\/wp\/v2\/types\/product"}],"replies":[{"embeddable":true,"href":"https:\/\/gyemantekszer.com\/en\/wp-json\/wp\/v2\/comments?post=247178"}],"wp:featuredmedia":[{"embeddable":true,"href":"https:\/\/gyemantekszer.com\/en\/wp-json\/wp\/v2\/media\/235590"}],"wp:attachment":[{"href":"https:\/\/gyemantekszer.com\/en\/wp-json\/wp\/v2\/media?parent=247178"}],"wp:term":[{"taxonomy":"product_brand","embeddable":true,"href":"https:\/\/gyemantekszer.com\/en\/wp-json\/wp\/v2\/product_brand?post=247178"},{"taxonomy":"product_cat","embeddable":true,"href":"https:\/\/gyemantekszer.com\/en\/wp-json\/wp\/v2\/product_cat?post=247178"},{"taxonomy":"product_tag","embeddable":true,"href":"https:\/\/gyemantekszer.com\/en\/wp-json\/wp\/v2\/product_tag?post=247178"}],"curies":[{"name":"wp","href":"https:\/\/api.w.org\/{rel}","templated":true}]}}