{"id":247172,"date":"2016-06-24T11:15:18","date_gmt":"2016-06-24T09:15:18","guid":{"rendered":"https:\/\/gyemantekszer.com\/termek\/asti-gyemant-gyuru\/"},"modified":"2025-09-29T12:41:06","modified_gmt":"2025-09-29T10:41:06","slug":"asti-gyemant-gyuru","status":"publish","type":"product","link":"https:\/\/gyemantekszer.com\/en\/termek\/asti-gyemant-gyuru\/","title":{"rendered":"Asti gy\u00e9m\u00e1nt gy\u0171r\u0171"},"content":{"rendered":"","protected":false},"excerpt":{"rendered":"<p>A t\u00f6k\u00e9letes \u00e9s mag\u00e1val ragad\u00f3 igazi klasszikus feh\u00e9r arany eljegyz\u00e9si gy\u0171r\u0171, melynek karmos foglalat\u00e1ba egy gy\u00f6ny\u00f6r\u0171en szikr\u00e1z\u00f3 gy\u00e9m\u00e1ntot foglaltak.<\/p>\n","protected":false},"featured_media":235575,"comment_status":"open","ping_status":"open","template":"","meta":{"_acf_changed":false},"product_brand":[],"product_cat":[1917],"product_tag":[135,133,140,1310,1305],"class_list":{"0":"post-247172","1":"product","2":"type-product","3":"status-publish","4":"has-post-thumbnail","6":"product_cat-gyuru","7":"product_tag-eljegyzes","8":"product_tag-noi","9":"product_tag-meretezheto","10":"product_tag-feher-gyemant","11":"product_tag-feher-arany","12":"pa_kollekcio-exkluziv-ekszerek","13":"pa_marka-lenti-villasco","14":"pa_meret-259","15":"pa_otvozet-finomsaga-143","16":"pa_suly-44-gr","18":"first","19":"onrequest","20":"sold-individually","21":"taxable","22":"shipping-taxable","23":"product-type-simple"},"acf":[],"_links":{"self":[{"href":"https:\/\/gyemantekszer.com\/en\/wp-json\/wp\/v2\/product\/247172","targetHints":{"allow":["GET"]}}],"collection":[{"href":"https:\/\/gyemantekszer.com\/en\/wp-json\/wp\/v2\/product"}],"about":[{"href":"https:\/\/gyemantekszer.com\/en\/wp-json\/wp\/v2\/types\/product"}],"replies":[{"embeddable":true,"href":"https:\/\/gyemantekszer.com\/en\/wp-json\/wp\/v2\/comments?post=247172"}],"wp:featuredmedia":[{"embeddable":true,"href":"https:\/\/gyemantekszer.com\/en\/wp-json\/wp\/v2\/media\/235575"}],"wp:attachment":[{"href":"https:\/\/gyemantekszer.com\/en\/wp-json\/wp\/v2\/media?parent=247172"}],"wp:term":[{"taxonomy":"product_brand","embeddable":true,"href":"https:\/\/gyemantekszer.com\/en\/wp-json\/wp\/v2\/product_brand?post=247172"},{"taxonomy":"product_cat","embeddable":true,"href":"https:\/\/gyemantekszer.com\/en\/wp-json\/wp\/v2\/product_cat?post=247172"},{"taxonomy":"product_tag","embeddable":true,"href":"https:\/\/gyemantekszer.com\/en\/wp-json\/wp\/v2\/product_tag?post=247172"}],"curies":[{"name":"wp","href":"https:\/\/api.w.org\/{rel}","templated":true}]}}