{"id":247167,"date":"2016-06-23T15:02:03","date_gmt":"2016-06-23T13:02:03","guid":{"rendered":"https:\/\/gyemantekszer.com\/termek\/rosa-gyemant-fulbevalo\/"},"modified":"2025-09-29T12:41:05","modified_gmt":"2025-09-29T10:41:05","slug":"rosa-gyemant-fulbevalo","status":"publish","type":"product","link":"https:\/\/gyemantekszer.com\/en\/product\/rosa-gyemant-fulbevalo\/","title":{"rendered":"Rosa gy\u00e9m\u00e1nt f\u00fclbeval\u00f3"},"content":{"rendered":"","protected":false},"excerpt":{"rendered":"<p>K\u00e9zzel k\u00e9sz\u00fclt egyedi tervez\u00e9s\u0171 gy\u00e9m\u00e1nt f\u00fclbeval\u00f3, melyet a gy\u00f6ngy\u00f6k\u00f6n \u00e9s a gy\u00e9m\u00e1ntokon k\u00edv\u00fcl k\u00fcl\u00f6nleges bord\u00f3 sz\u00ednben pomp\u00e1z\u00f3 almandin dr\u00e1gak\u00f6vek is d\u00edsz\u00edtenek.<\/p>\n","protected":false},"featured_media":235565,"comment_status":"open","ping_status":"open","template":"","meta":{"_acf_changed":false},"product_brand":[],"product_cat":[1918],"product_tag":[1384,1390,1376,1375,1379,1388],"class_list":{"0":"post-247167","1":"product","2":"type-product","3":"status-publish","4":"has-post-thumbnail","6":"product_cat-fulbevalo","7":"product_tag-for-ladies","8":"product_tag-jewel-setts","9":"product_tag-white-diamond","10":"product_tag-white-gold","11":"product_tag-with-pearls","12":"product_tag-yellow-gold","13":"pa_kollekcio-exkluziv-ekszerek","14":"pa_marka-royal-diamonds-by-alexandra-ronai","15":"pa_meret-4-cm-hosszu","16":"pa_otvozet-finomsaga-143","17":"pa_suly-165-gr","18":"pa_zarak-klipszer-atszuros","20":"first","21":"outofstock","22":"sale","23":"sold-individually","24":"taxable","25":"shipping-taxable","26":"product-type-simple"},"acf":[],"_links":{"self":[{"href":"https:\/\/gyemantekszer.com\/en\/wp-json\/wp\/v2\/product\/247167","targetHints":{"allow":["GET"]}}],"collection":[{"href":"https:\/\/gyemantekszer.com\/en\/wp-json\/wp\/v2\/product"}],"about":[{"href":"https:\/\/gyemantekszer.com\/en\/wp-json\/wp\/v2\/types\/product"}],"replies":[{"embeddable":true,"href":"https:\/\/gyemantekszer.com\/en\/wp-json\/wp\/v2\/comments?post=247167"}],"wp:featuredmedia":[{"embeddable":true,"href":"https:\/\/gyemantekszer.com\/en\/wp-json\/wp\/v2\/media\/235565"}],"wp:attachment":[{"href":"https:\/\/gyemantekszer.com\/en\/wp-json\/wp\/v2\/media?parent=247167"}],"wp:term":[{"taxonomy":"product_brand","embeddable":true,"href":"https:\/\/gyemantekszer.com\/en\/wp-json\/wp\/v2\/product_brand?post=247167"},{"taxonomy":"product_cat","embeddable":true,"href":"https:\/\/gyemantekszer.com\/en\/wp-json\/wp\/v2\/product_cat?post=247167"},{"taxonomy":"product_tag","embeddable":true,"href":"https:\/\/gyemantekszer.com\/en\/wp-json\/wp\/v2\/product_tag?post=247167"}],"curies":[{"name":"wp","href":"https:\/\/api.w.org\/{rel}","templated":true}]}}