{"id":247166,"date":"2016-06-23T16:36:20","date_gmt":"2016-06-23T14:36:20","guid":{"rendered":"https:\/\/gyemantekszer.com\/termek\/fusioni-gyemant-karikagyuru-2\/"},"modified":"2025-10-22T13:13:53","modified_gmt":"2025-10-22T11:13:53","slug":"fusioni-gyemant-karikagyuru-2","status":"publish","type":"product","link":"https:\/\/gyemantekszer.com\/en\/product\/fusioni-gyemant-karikagyuru-2\/","title":{"rendered":"Fusioni gy\u00e9m\u00e1nt karikagy\u0171r\u0171"},"content":{"rendered":"","protected":false},"excerpt":{"rendered":"<p>Modern feh\u00e9r arany k\u00fcl\u00f6nleges gy\u00e9m\u00e1nt karikagy\u0171r\u0171, melynek k\u00f6z\u00e9ps\u0151 sora fekete gy\u00e9m\u00e1ntokkal d\u00edsz\u00edtett. A gy\u0171r\u0171 k\u00e9t oldal\u00e1n a feh\u00e9r gy\u00e9m\u00e1ntok m\u00e9g k\u00e1pr\u00e1zatosabb\u00e1 teszik ezt az \u00e9kszert. A fekete \u00e9s feh\u00e9r kontraszt igaz\u00e1n modern \u00e9s izgalmas v\u00e1laszt\u00e1s. A gy\u0171r\u0171 st\u00edlus\u00e1nak k\u00f6sz\u00f6nhet\u0151en igaz\u00e1n uniszex darab melyet gyakran f\u00e9rfiak \u00e9s h\u00f6lgyek egyar\u00e1nt v\u00e1lasztanak karikagy\u0171r\u0171nek.<\/p>\n","protected":false},"featured_media":235562,"comment_status":"open","ping_status":"closed","template":"","meta":{"_acf_changed":false},"product_brand":[],"product_cat":[1919],"product_tag":[138,1305,1310,1311,133],"class_list":{"0":"post-247166","1":"product","2":"type-product","3":"status-publish","4":"has-post-thumbnail","6":"product_cat-karikagyuru","7":"product_tag-ekszer-szett","8":"product_tag-feher-arany","9":"product_tag-feher-gyemant","10":"product_tag-fekete-gyemant","11":"product_tag-noi","12":"pa_kollekcio-exkluziv-ekszerek","13":"pa_marka-lenti-villasco","14":"pa_meret-303","15":"pa_otvozet-finomsaga-143","16":"pa_suly-67-gr","18":"first","19":"instock","20":"sold-individually","21":"taxable","22":"shipping-taxable","23":"purchasable","24":"product-type-simple"},"acf":[],"_links":{"self":[{"href":"https:\/\/gyemantekszer.com\/en\/wp-json\/wp\/v2\/product\/247166","targetHints":{"allow":["GET"]}}],"collection":[{"href":"https:\/\/gyemantekszer.com\/en\/wp-json\/wp\/v2\/product"}],"about":[{"href":"https:\/\/gyemantekszer.com\/en\/wp-json\/wp\/v2\/types\/product"}],"replies":[{"embeddable":true,"href":"https:\/\/gyemantekszer.com\/en\/wp-json\/wp\/v2\/comments?post=247166"}],"wp:featuredmedia":[{"embeddable":true,"href":"https:\/\/gyemantekszer.com\/en\/wp-json\/wp\/v2\/media\/235562"}],"wp:attachment":[{"href":"https:\/\/gyemantekszer.com\/en\/wp-json\/wp\/v2\/media?parent=247166"}],"wp:term":[{"taxonomy":"product_brand","embeddable":true,"href":"https:\/\/gyemantekszer.com\/en\/wp-json\/wp\/v2\/product_brand?post=247166"},{"taxonomy":"product_cat","embeddable":true,"href":"https:\/\/gyemantekszer.com\/en\/wp-json\/wp\/v2\/product_cat?post=247166"},{"taxonomy":"product_tag","embeddable":true,"href":"https:\/\/gyemantekszer.com\/en\/wp-json\/wp\/v2\/product_tag?post=247166"}],"curies":[{"name":"wp","href":"https:\/\/api.w.org\/{rel}","templated":true}]}}