{"id":247165,"date":"2016-07-27T10:57:37","date_gmt":"2016-07-27T08:57:37","guid":{"rendered":"https:\/\/gyemantekszer.com\/termek\/palermo-gyemant-karikagyuru-2\/"},"modified":"2025-09-29T12:41:04","modified_gmt":"2025-09-29T10:41:04","slug":"palermo-gyemant-karikagyuru-2","status":"publish","type":"product","link":"https:\/\/gyemantekszer.com\/en\/product\/palermo-gyemant-karikagyuru-2\/","title":{"rendered":"Palermo gy\u00e9m\u00e1nt karikagy\u0171r\u0171"},"content":{"rendered":"","protected":false},"excerpt":{"rendered":"<p>Feh\u00e9r arany enyh\u00e9n f\u00e9ldombor\u00fa karikagy\u0171r\u0171, melynek k\u00f6z\u00e9ps\u0151 r\u00e9sze gy\u00f6ny\u00f6r\u0171 f\u00e9nyes fel\u00fclet\u0171, amit a k\u00e9t sz\u00e9l\u00e9n k\u00e9t szolid gy\u00e9m\u00e1ntokkal kirakott s\u00e1v \u00f6lel k\u00f6rbe.<\/p>\n","protected":false},"featured_media":235559,"comment_status":"open","ping_status":"open","template":"","meta":{"_acf_changed":false},"product_brand":[],"product_cat":[1919],"product_tag":[1920,1390,1378,1383,1376,1375],"class_list":{"0":"post-247165","1":"product","2":"type-product","3":"status-publish","4":"has-post-thumbnail","6":"product_cat-karikagyuru","7":"product_tag-gravirozhato","8":"product_tag-jewel-setts","9":"product_tag-men","10":"product_tag-sizeable","11":"product_tag-white-diamond","12":"product_tag-white-gold","13":"pa_kollekcio-exkluziv-ekszerek","14":"pa_marka-lenti-villasco","15":"pa_meret-406","16":"pa_otvozet-finomsaga-143","17":"pa_suly-73-gr","19":"first","20":"instock","21":"sold-individually","22":"taxable","23":"shipping-taxable","24":"purchasable","25":"product-type-simple"},"acf":[],"_links":{"self":[{"href":"https:\/\/gyemantekszer.com\/en\/wp-json\/wp\/v2\/product\/247165","targetHints":{"allow":["GET"]}}],"collection":[{"href":"https:\/\/gyemantekszer.com\/en\/wp-json\/wp\/v2\/product"}],"about":[{"href":"https:\/\/gyemantekszer.com\/en\/wp-json\/wp\/v2\/types\/product"}],"replies":[{"embeddable":true,"href":"https:\/\/gyemantekszer.com\/en\/wp-json\/wp\/v2\/comments?post=247165"}],"wp:featuredmedia":[{"embeddable":true,"href":"https:\/\/gyemantekszer.com\/en\/wp-json\/wp\/v2\/media\/235559"}],"wp:attachment":[{"href":"https:\/\/gyemantekszer.com\/en\/wp-json\/wp\/v2\/media?parent=247165"}],"wp:term":[{"taxonomy":"product_brand","embeddable":true,"href":"https:\/\/gyemantekszer.com\/en\/wp-json\/wp\/v2\/product_brand?post=247165"},{"taxonomy":"product_cat","embeddable":true,"href":"https:\/\/gyemantekszer.com\/en\/wp-json\/wp\/v2\/product_cat?post=247165"},{"taxonomy":"product_tag","embeddable":true,"href":"https:\/\/gyemantekszer.com\/en\/wp-json\/wp\/v2\/product_tag?post=247165"}],"curies":[{"name":"wp","href":"https:\/\/api.w.org\/{rel}","templated":true}]}}