{"id":247159,"date":"2016-06-23T13:05:47","date_gmt":"2016-06-23T11:05:47","guid":{"rendered":"https:\/\/gyemantekszer.com\/termek\/vernazza-gyemant-gyuru\/"},"modified":"2025-09-29T12:40:56","modified_gmt":"2025-09-29T10:40:56","slug":"vernazza-gyemant-gyuru","status":"publish","type":"product","link":"https:\/\/gyemantekszer.com\/en\/product\/vernazza-gyemant-gyuru\/","title":{"rendered":"Vernazza gy\u00e9m\u00e1nt gy\u0171r\u0171"},"content":{"rendered":"","protected":false},"excerpt":{"rendered":"<p>Flexibilis, egyedi tervez\u00e9s\u0171 feh\u00e9r arany f\u00e9rfi karikagy\u0171r\u0171, melyben a fekete gy\u00e9m\u00e1ntok extravag\u00e1ns f\u00e9rfias megjelen\u00e9st biztos\u00edtanak.<\/p>\n","protected":false},"featured_media":235548,"comment_status":"open","ping_status":"open","template":"","meta":{"_acf_changed":false},"product_brand":[],"product_cat":[1919],"product_tag":[1377,1390,1378,1383,1375],"class_list":{"0":"post-247159","1":"product","2":"type-product","3":"status-publish","4":"has-post-thumbnail","6":"product_cat-karikagyuru","7":"product_tag-black-diamond","8":"product_tag-jewel-setts","9":"product_tag-men","10":"product_tag-sizeable","11":"product_tag-white-gold","12":"pa_kollekcio-exkluziv-ekszerek","13":"pa_marka-lenti-villasco","14":"pa_meret-406","15":"pa_otvozet-finomsaga-143","16":"pa_suly-89-gr","18":"first","19":"onrequest","20":"sold-individually","21":"taxable","22":"shipping-taxable","23":"product-type-simple"},"acf":[],"_links":{"self":[{"href":"https:\/\/gyemantekszer.com\/en\/wp-json\/wp\/v2\/product\/247159","targetHints":{"allow":["GET"]}}],"collection":[{"href":"https:\/\/gyemantekszer.com\/en\/wp-json\/wp\/v2\/product"}],"about":[{"href":"https:\/\/gyemantekszer.com\/en\/wp-json\/wp\/v2\/types\/product"}],"replies":[{"embeddable":true,"href":"https:\/\/gyemantekszer.com\/en\/wp-json\/wp\/v2\/comments?post=247159"}],"wp:featuredmedia":[{"embeddable":true,"href":"https:\/\/gyemantekszer.com\/en\/wp-json\/wp\/v2\/media\/235548"}],"wp:attachment":[{"href":"https:\/\/gyemantekszer.com\/en\/wp-json\/wp\/v2\/media?parent=247159"}],"wp:term":[{"taxonomy":"product_brand","embeddable":true,"href":"https:\/\/gyemantekszer.com\/en\/wp-json\/wp\/v2\/product_brand?post=247159"},{"taxonomy":"product_cat","embeddable":true,"href":"https:\/\/gyemantekszer.com\/en\/wp-json\/wp\/v2\/product_cat?post=247159"},{"taxonomy":"product_tag","embeddable":true,"href":"https:\/\/gyemantekszer.com\/en\/wp-json\/wp\/v2\/product_tag?post=247159"}],"curies":[{"name":"wp","href":"https:\/\/api.w.org\/{rel}","templated":true}]}}