{"id":247152,"date":"2016-06-22T18:56:34","date_gmt":"2016-06-22T16:56:34","guid":{"rendered":"https:\/\/gyemantekszer.com\/termek\/ancona-gyemant-karikagyuru\/"},"modified":"2025-09-29T12:40:54","modified_gmt":"2025-09-29T10:40:54","slug":"ancona-gyemant-karikagyuru","status":"publish","type":"product","link":"https:\/\/gyemantekszer.com\/en\/product\/ancona-gyemant-karikagyuru\/","title":{"rendered":"Ancona gy\u00e9m\u00e1nt karikagy\u0171r\u0171"},"content":{"rendered":"","protected":false},"excerpt":{"rendered":"<p>K\u00fcl\u00f6nleges r\u00f3zsasz\u00edn \u00e9s feh\u00e9r arany kombin\u00e1ci\u00f3val k\u00e9sz\u00fclt massz\u00edv, dombor\u00fa f\u00e9rfi karikagy\u0171r\u0171, melynek v\u00e9kony feh\u00e9r s\u00e1vj\u00e1ban egy jelz\u00e9s \u00e9rt\u00e9k\u0171 feh\u00e9r gy\u00e9m\u00e1nt d\u00edszeleg. Term\u00e9szetesen ezen karikagy\u0171r\u0171 is lehet egy visszafogott n\u0151i v\u00e1ltozat, \u00e9s megrendelhet\u0151 ak\u00e1r teljesen gy\u00e9m\u00e1nt n\u00e9lk\u00fcl f\u00e9rfi karikagy\u0171r\u0171nek, de mi mindig arra t\u00f6reksz\u00fcnk hogy \u00fczenteinkben k\u00fcl\u00f6nlegess\u00e9geket lehessen pr\u00f3b\u00e1lgatni, \u00e9s a v\u00e9g\u00e9n \u00fagyis mindent sz\u00edvesen elk\u00e9sz\u00edt\u00fcnk.<\/p>\n","protected":false},"featured_media":235531,"comment_status":"open","ping_status":"open","template":"","meta":{"_acf_changed":false},"product_brand":[],"product_cat":[1919],"product_tag":[1373,1384,1920,1390,1378,1383,1376,1375,1388],"class_list":{"0":"post-247152","1":"product","2":"type-product","3":"status-publish","4":"has-post-thumbnail","6":"product_cat-karikagyuru","7":"product_tag-engagement","8":"product_tag-for-ladies","9":"product_tag-gravirozhato","10":"product_tag-jewel-setts","11":"product_tag-men","12":"product_tag-sizeable","13":"product_tag-white-diamond","14":"product_tag-white-gold","15":"product_tag-yellow-gold","16":"pa_kollekcio-exkluziv-ekszerek","17":"pa_marka-lenti-villasco","18":"pa_meret-188","19":"pa_otvozet-finomsaga-143","20":"pa_suly-118-gr","22":"first","23":"onrequest","24":"sold-individually","25":"taxable","26":"shipping-taxable","27":"product-type-simple"},"acf":[],"_links":{"self":[{"href":"https:\/\/gyemantekszer.com\/en\/wp-json\/wp\/v2\/product\/247152","targetHints":{"allow":["GET"]}}],"collection":[{"href":"https:\/\/gyemantekszer.com\/en\/wp-json\/wp\/v2\/product"}],"about":[{"href":"https:\/\/gyemantekszer.com\/en\/wp-json\/wp\/v2\/types\/product"}],"replies":[{"embeddable":true,"href":"https:\/\/gyemantekszer.com\/en\/wp-json\/wp\/v2\/comments?post=247152"}],"wp:featuredmedia":[{"embeddable":true,"href":"https:\/\/gyemantekszer.com\/en\/wp-json\/wp\/v2\/media\/235531"}],"wp:attachment":[{"href":"https:\/\/gyemantekszer.com\/en\/wp-json\/wp\/v2\/media?parent=247152"}],"wp:term":[{"taxonomy":"product_brand","embeddable":true,"href":"https:\/\/gyemantekszer.com\/en\/wp-json\/wp\/v2\/product_brand?post=247152"},{"taxonomy":"product_cat","embeddable":true,"href":"https:\/\/gyemantekszer.com\/en\/wp-json\/wp\/v2\/product_cat?post=247152"},{"taxonomy":"product_tag","embeddable":true,"href":"https:\/\/gyemantekszer.com\/en\/wp-json\/wp\/v2\/product_tag?post=247152"}],"curies":[{"name":"wp","href":"https:\/\/api.w.org\/{rel}","templated":true}]}}