{"id":247149,"date":"2016-06-22T18:32:33","date_gmt":"2016-06-22T16:32:33","guid":{"rendered":"https:\/\/gyemantekszer.com\/termek\/isabelle-gyemant-gyuru\/"},"modified":"2025-09-29T12:40:53","modified_gmt":"2025-09-29T10:40:53","slug":"isabelle-gyemant-gyuru","status":"publish","type":"product","link":"https:\/\/gyemantekszer.com\/en\/termek\/isabelle-gyemant-gyuru\/","title":{"rendered":"Isabelle gy\u00e9m\u00e1nt gy\u0171r\u0171"},"content":{"rendered":"","protected":false},"excerpt":{"rendered":"<p>Gy\u00f6ny\u00f6r\u0171 \u00e9s \u00e9rt\u00e9kes, eleg\u00e1ns feh\u00e9r arany szoliter gy\u0171r\u0171, melynek k\u00f6zep\u00e9n egy nagy feh\u00e9r gy\u00e9m\u00e1nt ragyog \u00e9s ezt a sz\u00e9ps\u00e9get a k\u00e9t oldal\u00e1n m\u00e9g kisebb gy\u00e9m\u00e1ntok is d\u00edsz\u00edtik.<\/p>\n","protected":false},"featured_media":235522,"comment_status":"open","ping_status":"open","template":"","meta":{"_acf_changed":false},"product_brand":[],"product_cat":[1917],"product_tag":[135,133,140,1310,1305],"class_list":{"0":"post-247149","1":"product","2":"type-product","3":"status-publish","4":"has-post-thumbnail","6":"product_cat-gyuru","7":"product_tag-eljegyzes","8":"product_tag-noi","9":"product_tag-meretezheto","10":"product_tag-feher-gyemant","11":"product_tag-feher-arany","12":"pa_kollekcio-exkluziv-ekszerek","13":"pa_marka-royal-diamonds-by-alexandra-ronai","14":"pa_meret-183","15":"pa_otvozet-finomsaga-143","16":"pa_suly-31-gr","18":"first","19":"onrequest","20":"sold-individually","21":"taxable","22":"shipping-taxable","23":"product-type-simple"},"acf":[],"_links":{"self":[{"href":"https:\/\/gyemantekszer.com\/en\/wp-json\/wp\/v2\/product\/247149","targetHints":{"allow":["GET"]}}],"collection":[{"href":"https:\/\/gyemantekszer.com\/en\/wp-json\/wp\/v2\/product"}],"about":[{"href":"https:\/\/gyemantekszer.com\/en\/wp-json\/wp\/v2\/types\/product"}],"replies":[{"embeddable":true,"href":"https:\/\/gyemantekszer.com\/en\/wp-json\/wp\/v2\/comments?post=247149"}],"wp:featuredmedia":[{"embeddable":true,"href":"https:\/\/gyemantekszer.com\/en\/wp-json\/wp\/v2\/media\/235522"}],"wp:attachment":[{"href":"https:\/\/gyemantekszer.com\/en\/wp-json\/wp\/v2\/media?parent=247149"}],"wp:term":[{"taxonomy":"product_brand","embeddable":true,"href":"https:\/\/gyemantekszer.com\/en\/wp-json\/wp\/v2\/product_brand?post=247149"},{"taxonomy":"product_cat","embeddable":true,"href":"https:\/\/gyemantekszer.com\/en\/wp-json\/wp\/v2\/product_cat?post=247149"},{"taxonomy":"product_tag","embeddable":true,"href":"https:\/\/gyemantekszer.com\/en\/wp-json\/wp\/v2\/product_tag?post=247149"}],"curies":[{"name":"wp","href":"https:\/\/api.w.org\/{rel}","templated":true}]}}