{"id":247145,"date":"2016-06-22T17:09:44","date_gmt":"2016-06-22T15:09:44","guid":{"rendered":"https:\/\/gyemantekszer.com\/termek\/concceta-gyemant-gyuru\/"},"modified":"2025-09-29T12:40:52","modified_gmt":"2025-09-29T10:40:52","slug":"concceta-gyemant-gyuru","status":"publish","type":"product","link":"https:\/\/gyemantekszer.com\/en\/product\/concceta-gyemant-gyuru\/","title":{"rendered":"Concceta gy\u00e9m\u00e1nt gy\u0171r\u0171"},"content":{"rendered":"","protected":false},"excerpt":{"rendered":"<p>Ebb\u0171v\u00f6l\u0151en sz\u00e9p eljegyz\u00e9si feh\u00e9r arany gy\u00e9m\u00e1nt gy\u0171r\u0171, klasszikus st\u00edlus\u00e1t a k\u00f6z\u00e9ppontban \u00e1ll\u00f3 fant\u00e1zia csiszol\u00e1s\u00fa, csepp form\u00e1j\u00fa gy\u00e9m\u00e1nt teszi izgalmass\u00e1, amit a k\u0151 k\u00e9t oldal\u00e1n egy &#8211; egy bagett csiszol\u00e1s\u00fa gy\u00e9m\u00e1nt emel ki.<\/p>\n","protected":false},"featured_media":235512,"comment_status":"open","ping_status":"open","template":"","meta":{"_acf_changed":false},"product_brand":[],"product_cat":[1917],"product_tag":[1373,1384,1383,1376,1375],"class_list":{"0":"post-247145","1":"product","2":"type-product","3":"status-publish","4":"has-post-thumbnail","6":"product_cat-gyuru","7":"product_tag-engagement","8":"product_tag-for-ladies","9":"product_tag-sizeable","10":"product_tag-white-diamond","11":"product_tag-white-gold","12":"pa_kollekcio-exkluziv-ekszerek","13":"pa_marka-royal-diamonds-by-alexandra-ronai","14":"pa_meret-183","15":"pa_otvozet-finomsaga-143","16":"pa_suly-21-gr","18":"first","19":"onrequest","20":"sold-individually","21":"taxable","22":"shipping-taxable","23":"product-type-simple"},"acf":[],"_links":{"self":[{"href":"https:\/\/gyemantekszer.com\/en\/wp-json\/wp\/v2\/product\/247145","targetHints":{"allow":["GET"]}}],"collection":[{"href":"https:\/\/gyemantekszer.com\/en\/wp-json\/wp\/v2\/product"}],"about":[{"href":"https:\/\/gyemantekszer.com\/en\/wp-json\/wp\/v2\/types\/product"}],"replies":[{"embeddable":true,"href":"https:\/\/gyemantekszer.com\/en\/wp-json\/wp\/v2\/comments?post=247145"}],"wp:featuredmedia":[{"embeddable":true,"href":"https:\/\/gyemantekszer.com\/en\/wp-json\/wp\/v2\/media\/235512"}],"wp:attachment":[{"href":"https:\/\/gyemantekszer.com\/en\/wp-json\/wp\/v2\/media?parent=247145"}],"wp:term":[{"taxonomy":"product_brand","embeddable":true,"href":"https:\/\/gyemantekszer.com\/en\/wp-json\/wp\/v2\/product_brand?post=247145"},{"taxonomy":"product_cat","embeddable":true,"href":"https:\/\/gyemantekszer.com\/en\/wp-json\/wp\/v2\/product_cat?post=247145"},{"taxonomy":"product_tag","embeddable":true,"href":"https:\/\/gyemantekszer.com\/en\/wp-json\/wp\/v2\/product_tag?post=247145"}],"curies":[{"name":"wp","href":"https:\/\/api.w.org\/{rel}","templated":true}]}}