{"id":247143,"date":"2016-06-22T16:28:36","date_gmt":"2016-06-22T14:28:36","guid":{"rendered":"https:\/\/gyemantekszer.com\/termek\/abriana-gyemant-nyakek\/"},"modified":"2025-09-29T12:40:51","modified_gmt":"2025-09-29T10:40:51","slug":"abriana-gyemant-nyakek","status":"publish","type":"product","link":"https:\/\/gyemantekszer.com\/en\/product\/abriana-gyemant-nyakek\/","title":{"rendered":"Abriana gy\u00e9m\u00e1nt nyak\u00e9k"},"content":{"rendered":"","protected":false},"excerpt":{"rendered":"<p>R\u00f3zsasz\u00edn aranyb\u00f3l k\u00e9sz\u00fclt modern divatos gy\u00e9m\u00e1nt f\u00fclbeval\u00f3, melyben a k\u00fcl\u00f6nb\u00f6z\u0151 m\u00e9ret\u0171 fekete gy\u00e9m\u00e1ntok \u00e9s az apr\u00f3bb feh\u00e9r gy\u00e9m\u00e1ntok egy t\u00f6k\u00e9letesen megmunk\u00e1lt foglalatban l\u00e9giesen k\u00f6nnyed eleg\u00e1ns \u00e9s st\u00edlusos megjelen\u00e9st biztos\u00edtanak.<\/p>\n","protected":false},"featured_media":235506,"comment_status":"open","ping_status":"open","template":"","meta":{"_acf_changed":false},"product_brand":[],"product_cat":[1923],"product_tag":[1377,1384,1390,1385,1376],"class_list":{"0":"post-247143","1":"product","2":"type-product","3":"status-publish","4":"has-post-thumbnail","6":"product_cat-nyakek","7":"product_tag-black-diamond","8":"product_tag-for-ladies","9":"product_tag-jewel-setts","10":"product_tag-rose-gold","11":"product_tag-white-diamond","12":"pa_kollekcio-exkluziv-ekszerek","13":"pa_marka-lenti-villasco","14":"pa_meret-medall-resz-32-cm-kulon-a-lanc-resz-45-cm","15":"pa_otvozet-finomsaga-143","16":"pa_suly-71-gr","18":"first","19":"outofstock","20":"taxable","21":"shipping-taxable","22":"product-type-simple"},"acf":[],"_links":{"self":[{"href":"https:\/\/gyemantekszer.com\/en\/wp-json\/wp\/v2\/product\/247143","targetHints":{"allow":["GET"]}}],"collection":[{"href":"https:\/\/gyemantekszer.com\/en\/wp-json\/wp\/v2\/product"}],"about":[{"href":"https:\/\/gyemantekszer.com\/en\/wp-json\/wp\/v2\/types\/product"}],"replies":[{"embeddable":true,"href":"https:\/\/gyemantekszer.com\/en\/wp-json\/wp\/v2\/comments?post=247143"}],"wp:featuredmedia":[{"embeddable":true,"href":"https:\/\/gyemantekszer.com\/en\/wp-json\/wp\/v2\/media\/235506"}],"wp:attachment":[{"href":"https:\/\/gyemantekszer.com\/en\/wp-json\/wp\/v2\/media?parent=247143"}],"wp:term":[{"taxonomy":"product_brand","embeddable":true,"href":"https:\/\/gyemantekszer.com\/en\/wp-json\/wp\/v2\/product_brand?post=247143"},{"taxonomy":"product_cat","embeddable":true,"href":"https:\/\/gyemantekszer.com\/en\/wp-json\/wp\/v2\/product_cat?post=247143"},{"taxonomy":"product_tag","embeddable":true,"href":"https:\/\/gyemantekszer.com\/en\/wp-json\/wp\/v2\/product_tag?post=247143"}],"curies":[{"name":"wp","href":"https:\/\/api.w.org\/{rel}","templated":true}]}}