{"id":247135,"date":"2014-05-11T12:26:29","date_gmt":"2014-05-11T10:26:29","guid":{"rendered":"https:\/\/gyemantekszer.com\/termek\/alicia-gyemant-gyuru\/"},"modified":"2025-11-20T12:25:39","modified_gmt":"2025-11-20T11:25:39","slug":"alicia-gyemant-gyuru","status":"publish","type":"product","link":"https:\/\/gyemantekszer.com\/en\/product\/alicia-gyemant-gyuru\/","title":{"rendered":"Coscia &#8211; Amada gy\u00e9m\u00e1nt gy\u0171r\u0171"},"content":{"rendered":"","protected":false},"excerpt":{"rendered":"<p>Egyedi gy\u00e9m\u00e1nt gy\u0171r\u0171, melynek k\u00f6z\u00e9ppontj\u00e1ban k\u00e9t k\u00fcl\u00f6nlegesen sz\u00e9p gy\u00f6ngy \u00e1ll. Ezekhez a k\u00fcl\u00f6nleges gy\u00f6ngy\u00f6kh\u00f6z k\u00e9sz\u00fclt a gy\u0171r\u0171 egyedi form\u00e1ja melyet apr\u00f3 gy\u00e9m\u00e1ntokkal tettek m\u00e9g szikr\u00e1z\u00f3bb\u00e1.<\/p>\n","protected":false},"featured_media":235487,"comment_status":"open","ping_status":"closed","template":"","meta":{"_acf_changed":false},"product_brand":[],"product_cat":[1917],"product_tag":[133,140,1310,1305,136],"class_list":{"0":"post-247135","1":"product","2":"type-product","3":"status-publish","4":"has-post-thumbnail","6":"product_cat-gyuru","7":"product_tag-noi","8":"product_tag-meretezheto","9":"product_tag-feher-gyemant","10":"product_tag-feher-arany","11":"product_tag-gyongyos","12":"pa_kollekcio-exkluziv-ekszerek","13":"pa_marka-coscia","14":"pa_meret-259","15":"pa_otvozet-finomsaga-143","16":"pa_suly-41-gr","18":"first","19":"instock","20":"sale","21":"sold-individually","22":"taxable","23":"shipping-taxable","24":"purchasable","25":"product-type-simple"},"acf":[],"_links":{"self":[{"href":"https:\/\/gyemantekszer.com\/en\/wp-json\/wp\/v2\/product\/247135","targetHints":{"allow":["GET"]}}],"collection":[{"href":"https:\/\/gyemantekszer.com\/en\/wp-json\/wp\/v2\/product"}],"about":[{"href":"https:\/\/gyemantekszer.com\/en\/wp-json\/wp\/v2\/types\/product"}],"replies":[{"embeddable":true,"href":"https:\/\/gyemantekszer.com\/en\/wp-json\/wp\/v2\/comments?post=247135"}],"wp:featuredmedia":[{"embeddable":true,"href":"https:\/\/gyemantekszer.com\/en\/wp-json\/wp\/v2\/media\/235487"}],"wp:attachment":[{"href":"https:\/\/gyemantekszer.com\/en\/wp-json\/wp\/v2\/media?parent=247135"}],"wp:term":[{"taxonomy":"product_brand","embeddable":true,"href":"https:\/\/gyemantekszer.com\/en\/wp-json\/wp\/v2\/product_brand?post=247135"},{"taxonomy":"product_cat","embeddable":true,"href":"https:\/\/gyemantekszer.com\/en\/wp-json\/wp\/v2\/product_cat?post=247135"},{"taxonomy":"product_tag","embeddable":true,"href":"https:\/\/gyemantekszer.com\/en\/wp-json\/wp\/v2\/product_tag?post=247135"}],"curies":[{"name":"wp","href":"https:\/\/api.w.org\/{rel}","templated":true}]}}