{"id":247134,"date":"2014-05-11T12:11:32","date_gmt":"2014-05-11T10:11:32","guid":{"rendered":"https:\/\/gyemantekszer.com\/termek\/leire-gyemant-gyuru\/"},"modified":"2025-12-18T16:22:55","modified_gmt":"2025-12-18T15:22:55","slug":"leire-gyemant-gyuru","status":"publish","type":"product","link":"https:\/\/gyemantekszer.com\/en\/product\/leire-gyemant-gyuru\/","title":{"rendered":"Coscia &#8211; Leire gy\u00e9m\u00e1nt gy\u0171r\u0171"},"content":{"rendered":"","protected":false},"excerpt":{"rendered":"<p>Visszafogottan eleg\u00e1ns gy\u00e9m\u00e1nt gy\u0171r\u0171, melynek sz\u00edve egy k\u00fcl\u00f6nlegesen sz\u00e9p gy\u00f6ngy. Ezt a csod\u00e1s gy\u00f6ngy\u00f6t apr\u00f3 gy\u00e9m\u00e1ntok teszik m\u00e9g gy\u00f6ny\u00f6r\u0171bb\u00e9.<\/p>\n","protected":false},"featured_media":235485,"comment_status":"open","ping_status":"closed","template":"","meta":{"_acf_changed":false},"product_brand":[],"product_cat":[1917],"product_tag":[133,140,1310,136],"class_list":{"0":"post-247134","1":"product","2":"type-product","3":"status-publish","4":"has-post-thumbnail","6":"product_cat-gyuru","7":"product_tag-noi","8":"product_tag-meretezheto","9":"product_tag-feher-gyemant","10":"product_tag-gyongyos","11":"pa_kollekcio-exkluziv-ekszerek","12":"pa_marka-coscia","13":"pa_meret-187","14":"pa_otvozet-finomsaga-143","15":"pa_suly-26-gr","17":"first","18":"instock","19":"sale","20":"sold-individually","21":"taxable","22":"shipping-taxable","23":"purchasable","24":"product-type-simple"},"acf":[],"_links":{"self":[{"href":"https:\/\/gyemantekszer.com\/en\/wp-json\/wp\/v2\/product\/247134","targetHints":{"allow":["GET"]}}],"collection":[{"href":"https:\/\/gyemantekszer.com\/en\/wp-json\/wp\/v2\/product"}],"about":[{"href":"https:\/\/gyemantekszer.com\/en\/wp-json\/wp\/v2\/types\/product"}],"replies":[{"embeddable":true,"href":"https:\/\/gyemantekszer.com\/en\/wp-json\/wp\/v2\/comments?post=247134"}],"wp:featuredmedia":[{"embeddable":true,"href":"https:\/\/gyemantekszer.com\/en\/wp-json\/wp\/v2\/media\/235485"}],"wp:attachment":[{"href":"https:\/\/gyemantekszer.com\/en\/wp-json\/wp\/v2\/media?parent=247134"}],"wp:term":[{"taxonomy":"product_brand","embeddable":true,"href":"https:\/\/gyemantekszer.com\/en\/wp-json\/wp\/v2\/product_brand?post=247134"},{"taxonomy":"product_cat","embeddable":true,"href":"https:\/\/gyemantekszer.com\/en\/wp-json\/wp\/v2\/product_cat?post=247134"},{"taxonomy":"product_tag","embeddable":true,"href":"https:\/\/gyemantekszer.com\/en\/wp-json\/wp\/v2\/product_tag?post=247134"}],"curies":[{"name":"wp","href":"https:\/\/api.w.org\/{rel}","templated":true}]}}