{"id":247131,"date":"2016-05-10T11:59:29","date_gmt":"2016-05-10T09:59:29","guid":{"rendered":"https:\/\/gyemantekszer.com\/termek\/mare-gyongy-fulbevalo\/"},"modified":"2025-09-29T12:40:42","modified_gmt":"2025-09-29T10:40:42","slug":"mare-gyongy-fulbevalo","status":"publish","type":"product","link":"https:\/\/gyemantekszer.com\/en\/termek\/mare-gyongy-fulbevalo\/","title":{"rendered":"Le Lune &#8211; Mare gy\u00f6ngy f\u00fclbeval\u00f3"},"content":{"rendered":"","protected":false},"excerpt":{"rendered":"<p>Eleg\u00e1ns sz\u00fcrke sz\u00edn\u00e1rnyalat\u00fa gy\u00f6ngy f\u00fclbeval\u00f3, k\u00edv\u00e1l\u00f3 viselet nem csak alkalmakra, hanem a mindennapok k\u00edv\u00e1l\u00f3 kieg\u00e9sz\u00edt\u0151je.<\/p>\n","protected":false},"featured_media":224855,"comment_status":"open","ping_status":"open","template":"","meta":{"_acf_changed":false},"product_brand":[],"product_cat":[1918],"product_tag":[133,1305,136],"class_list":{"0":"post-247131","1":"product","2":"type-product","3":"status-publish","4":"has-post-thumbnail","6":"product_cat-fulbevalo","7":"product_tag-noi","8":"product_tag-feher-arany","9":"product_tag-gyongyos","10":"pa_kollekcio-exkluziv-ekszerek","11":"pa_otvozet-finomsaga-143","12":"pa_suly-14-gr","13":"pa_zarak-stekkeres-atszuros-zar","15":"first","16":"outofstock","17":"sold-individually","18":"taxable","19":"shipping-taxable","20":"product-type-simple"},"acf":[],"_links":{"self":[{"href":"https:\/\/gyemantekszer.com\/en\/wp-json\/wp\/v2\/product\/247131","targetHints":{"allow":["GET"]}}],"collection":[{"href":"https:\/\/gyemantekszer.com\/en\/wp-json\/wp\/v2\/product"}],"about":[{"href":"https:\/\/gyemantekszer.com\/en\/wp-json\/wp\/v2\/types\/product"}],"replies":[{"embeddable":true,"href":"https:\/\/gyemantekszer.com\/en\/wp-json\/wp\/v2\/comments?post=247131"}],"wp:featuredmedia":[{"embeddable":true,"href":"https:\/\/gyemantekszer.com\/en\/wp-json\/wp\/v2\/media\/224855"}],"wp:attachment":[{"href":"https:\/\/gyemantekszer.com\/en\/wp-json\/wp\/v2\/media?parent=247131"}],"wp:term":[{"taxonomy":"product_brand","embeddable":true,"href":"https:\/\/gyemantekszer.com\/en\/wp-json\/wp\/v2\/product_brand?post=247131"},{"taxonomy":"product_cat","embeddable":true,"href":"https:\/\/gyemantekszer.com\/en\/wp-json\/wp\/v2\/product_cat?post=247131"},{"taxonomy":"product_tag","embeddable":true,"href":"https:\/\/gyemantekszer.com\/en\/wp-json\/wp\/v2\/product_tag?post=247131"}],"curies":[{"name":"wp","href":"https:\/\/api.w.org\/{rel}","templated":true}]}}