{"id":247129,"date":"2014-05-09T10:07:42","date_gmt":"2014-05-09T08:07:42","guid":{"rendered":"https:\/\/gyemantekszer.com\/termek\/rosa-gyemant-kituzo\/"},"modified":"2025-09-29T12:40:42","modified_gmt":"2025-09-29T10:40:42","slug":"rosa-gyemant-kituzo","status":"publish","type":"product","link":"https:\/\/gyemantekszer.com\/en\/product\/rosa-gyemant-kituzo\/","title":{"rendered":"Rosa gy\u00e9m\u00e1nt kit\u0171z\u0151"},"content":{"rendered":"","protected":false},"excerpt":{"rendered":"<p>K\u00e9zzel k\u00e9sz\u00fclt egyedi tervez\u00e9s\u0171 gy\u00e9m\u00e1nt kit\u0171z\u0151 vagy med\u00e1l, melyet a gy\u00f6ngy\u00f6k\u00f6n \u00e9s a gy\u00e9m\u00e1ntokon k\u00edv\u00fcl k\u00fcl\u00f6nleges bord\u00f3 sz\u00ednben pomp\u00e1z\u00f3 almandin dr\u00e1gak\u00f6vek is d\u00edsz\u00edtenek.<\/p>\n","protected":false},"featured_media":235475,"comment_status":"open","ping_status":"open","template":"","meta":{"_acf_changed":false},"product_brand":[],"product_cat":[1925,1922],"product_tag":[133,138,1310,1305,136,1307],"class_list":{"0":"post-247129","1":"product","2":"type-product","3":"status-publish","4":"has-post-thumbnail","6":"product_cat-egyeb-ekszer","7":"product_cat-medal","8":"product_tag-noi","9":"product_tag-ekszer-szett","10":"product_tag-feher-gyemant","11":"product_tag-feher-arany","12":"product_tag-gyongyos","13":"product_tag-sarga-arany","14":"pa_kollekcio-exkluziv-ekszerek","15":"pa_marka-royal-diamonds-by-alexandra-ronai","16":"pa_meret-5-cm-atmero","17":"pa_otvozet-finomsaga-143","18":"pa_suly-250-gr","20":"first","21":"instock","22":"sold-individually","23":"taxable","24":"shipping-taxable","25":"purchasable","26":"product-type-simple"},"acf":[],"_links":{"self":[{"href":"https:\/\/gyemantekszer.com\/en\/wp-json\/wp\/v2\/product\/247129","targetHints":{"allow":["GET"]}}],"collection":[{"href":"https:\/\/gyemantekszer.com\/en\/wp-json\/wp\/v2\/product"}],"about":[{"href":"https:\/\/gyemantekszer.com\/en\/wp-json\/wp\/v2\/types\/product"}],"replies":[{"embeddable":true,"href":"https:\/\/gyemantekszer.com\/en\/wp-json\/wp\/v2\/comments?post=247129"}],"wp:featuredmedia":[{"embeddable":true,"href":"https:\/\/gyemantekszer.com\/en\/wp-json\/wp\/v2\/media\/235475"}],"wp:attachment":[{"href":"https:\/\/gyemantekszer.com\/en\/wp-json\/wp\/v2\/media?parent=247129"}],"wp:term":[{"taxonomy":"product_brand","embeddable":true,"href":"https:\/\/gyemantekszer.com\/en\/wp-json\/wp\/v2\/product_brand?post=247129"},{"taxonomy":"product_cat","embeddable":true,"href":"https:\/\/gyemantekszer.com\/en\/wp-json\/wp\/v2\/product_cat?post=247129"},{"taxonomy":"product_tag","embeddable":true,"href":"https:\/\/gyemantekszer.com\/en\/wp-json\/wp\/v2\/product_tag?post=247129"}],"curies":[{"name":"wp","href":"https:\/\/api.w.org\/{rel}","templated":true}]}}