{"id":247128,"date":"2016-05-09T12:06:03","date_gmt":"2016-05-09T10:06:03","guid":{"rendered":"https:\/\/gyemantekszer.com\/termek\/rocco-gyemant-karikagyuru\/"},"modified":"2025-09-29T12:40:41","modified_gmt":"2025-09-29T10:40:41","slug":"rocco-gyemant-karikagyuru","status":"publish","type":"product","link":"https:\/\/gyemantekszer.com\/en\/termek\/rocco-gyemant-karikagyuru\/","title":{"rendered":"Rocco gy\u00e9m\u00e1nt karikagy\u0171r\u0171"},"content":{"rendered":"<p style=\"text-align: right;\">H<\/p>\n","protected":false},"excerpt":{"rendered":"<p>Eleg\u00e1ns feh\u00e9rarany karikagy\u0171r\u0171, f\u00e9nyes fel\u00fclet\u0171 divatos sz\u00f6gletes kik\u00e9pz\u00e9ssel, amelybe egy gy\u00e9m\u00e1ntot foglaltak. Ez egy olyan fazon, amely ak\u00e1r n\u0151i eljegyz\u00e9si gy\u0171r\u0171, ak\u00e1r n\u0151i \u00e9s m\u00e9g ak\u00e1r f\u00e9rfi karikagy\u0171r\u0171 szerepet is bet\u00f6lthet st\u00edlusunkhoz \u00e9s megjelen\u00e9s\u00fcnkh\u00f6z igazodva.<\/p>\n","protected":false},"featured_media":235471,"comment_status":"open","ping_status":"open","template":"","meta":{"_acf_changed":false},"product_brand":[],"product_cat":[1979],"product_tag":[1373,1384,1920,1390,1378,1383,1376,1375],"class_list":{"0":"post-247128","1":"product","2":"type-product","3":"status-publish","4":"has-post-thumbnail","6":"product_cat-wedding-ring","7":"product_tag-engagement","8":"product_tag-for-ladies","9":"product_tag-gravirozhato","10":"product_tag-jewel-setts","11":"product_tag-men","12":"product_tag-sizeable","13":"product_tag-white-diamond","14":"product_tag-white-gold","15":"pa_kollekcio-exkluziv-ekszerek","16":"pa_meret-308","17":"pa_suly-76-gr","19":"first","20":"onrequest","21":"sold-individually","22":"taxable","23":"shipping-taxable","24":"product-type-simple"},"acf":[],"_links":{"self":[{"href":"https:\/\/gyemantekszer.com\/en\/wp-json\/wp\/v2\/product\/247128","targetHints":{"allow":["GET"]}}],"collection":[{"href":"https:\/\/gyemantekszer.com\/en\/wp-json\/wp\/v2\/product"}],"about":[{"href":"https:\/\/gyemantekszer.com\/en\/wp-json\/wp\/v2\/types\/product"}],"replies":[{"embeddable":true,"href":"https:\/\/gyemantekszer.com\/en\/wp-json\/wp\/v2\/comments?post=247128"}],"wp:featuredmedia":[{"embeddable":true,"href":"https:\/\/gyemantekszer.com\/en\/wp-json\/wp\/v2\/media\/235471"}],"wp:attachment":[{"href":"https:\/\/gyemantekszer.com\/en\/wp-json\/wp\/v2\/media?parent=247128"}],"wp:term":[{"taxonomy":"product_brand","embeddable":true,"href":"https:\/\/gyemantekszer.com\/en\/wp-json\/wp\/v2\/product_brand?post=247128"},{"taxonomy":"product_cat","embeddable":true,"href":"https:\/\/gyemantekszer.com\/en\/wp-json\/wp\/v2\/product_cat?post=247128"},{"taxonomy":"product_tag","embeddable":true,"href":"https:\/\/gyemantekszer.com\/en\/wp-json\/wp\/v2\/product_tag?post=247128"}],"curies":[{"name":"wp","href":"https:\/\/api.w.org\/{rel}","templated":true}]}}