{"id":247127,"date":"2016-05-09T12:04:04","date_gmt":"2016-05-09T10:04:04","guid":{"rendered":"https:\/\/gyemantekszer.com\/termek\/abriana-gyemant-fulbevalo\/"},"modified":"2025-09-29T12:40:41","modified_gmt":"2025-09-29T10:40:41","slug":"abriana-gyemant-fulbevalo","status":"publish","type":"product","link":"https:\/\/gyemantekszer.com\/en\/product\/abriana-gyemant-fulbevalo\/","title":{"rendered":"Abriana gy\u00e9m\u00e1nt f\u00fclbeval\u00f3"},"content":{"rendered":"","protected":false},"excerpt":{"rendered":"<p>R\u00f3zsasz\u00edn aranyb\u00f3l k\u00e9sz\u00fclt, lefel\u00e9 n\u00f6vekv\u0151 fekete gy\u00e9m\u00e1nttal d\u00edsz\u00edtett l\u00e9giesen k\u00f6nnyed eleg\u00e1ns f\u00fclbeval\u00f3.<\/p>\n","protected":false},"featured_media":235468,"comment_status":"open","ping_status":"open","template":"","meta":{"_acf_changed":false},"product_brand":[],"product_cat":[1357],"product_tag":[1377,1384,1390,1385,1376],"class_list":{"0":"post-247127","1":"product","2":"type-product","3":"status-publish","4":"has-post-thumbnail","6":"product_cat-exclusive-earrings","7":"product_tag-black-diamond","8":"product_tag-for-ladies","9":"product_tag-jewel-setts","10":"product_tag-rose-gold","11":"product_tag-white-diamond","12":"pa_kollekcio-exkluziv-ekszerek","13":"pa_meret-18-cm-hosszu","14":"pa_suly-52-gr","15":"pa_zarak-stekkeres-atszuros-zar","17":"first","18":"onrequest","19":"taxable","20":"shipping-taxable","21":"product-type-simple"},"acf":[],"_links":{"self":[{"href":"https:\/\/gyemantekszer.com\/en\/wp-json\/wp\/v2\/product\/247127","targetHints":{"allow":["GET"]}}],"collection":[{"href":"https:\/\/gyemantekszer.com\/en\/wp-json\/wp\/v2\/product"}],"about":[{"href":"https:\/\/gyemantekszer.com\/en\/wp-json\/wp\/v2\/types\/product"}],"replies":[{"embeddable":true,"href":"https:\/\/gyemantekszer.com\/en\/wp-json\/wp\/v2\/comments?post=247127"}],"wp:featuredmedia":[{"embeddable":true,"href":"https:\/\/gyemantekszer.com\/en\/wp-json\/wp\/v2\/media\/235468"}],"wp:attachment":[{"href":"https:\/\/gyemantekszer.com\/en\/wp-json\/wp\/v2\/media?parent=247127"}],"wp:term":[{"taxonomy":"product_brand","embeddable":true,"href":"https:\/\/gyemantekszer.com\/en\/wp-json\/wp\/v2\/product_brand?post=247127"},{"taxonomy":"product_cat","embeddable":true,"href":"https:\/\/gyemantekszer.com\/en\/wp-json\/wp\/v2\/product_cat?post=247127"},{"taxonomy":"product_tag","embeddable":true,"href":"https:\/\/gyemantekszer.com\/en\/wp-json\/wp\/v2\/product_tag?post=247127"}],"curies":[{"name":"wp","href":"https:\/\/api.w.org\/{rel}","templated":true}]}}