{"id":247126,"date":"2016-05-09T12:00:43","date_gmt":"2016-05-09T10:00:43","guid":{"rendered":"https:\/\/gyemantekszer.com\/termek\/dana-gyemant-gyuru\/"},"modified":"2025-09-29T12:40:41","modified_gmt":"2025-09-29T10:40:41","slug":"dana-gyemant-gyuru","status":"publish","type":"product","link":"https:\/\/gyemantekszer.com\/en\/product\/dana-gyemant-gyuru\/","title":{"rendered":"Dana gy\u00e9m\u00e1nt gy\u0171r\u0171"},"content":{"rendered":"","protected":false},"excerpt":{"rendered":"<p>L\u00e1tv\u00e1nyos modern gy\u00e9m\u00e1nt gy\u0171r\u0171, melyben a klasszikus elegancia, k\u00fcl\u00f6nleges modern csiszol\u00e1s\u00fa gy\u00e9m\u00e1ntokkal p\u00e1rosul.<\/p>\n","protected":false},"featured_media":235466,"comment_status":"open","ping_status":"open","template":"","meta":{"_acf_changed":false},"product_brand":[],"product_cat":[1917],"product_tag":[1384,1383,1376,1388],"class_list":{"0":"post-247126","1":"product","2":"type-product","3":"status-publish","4":"has-post-thumbnail","6":"product_cat-gyuru","7":"product_tag-for-ladies","8":"product_tag-sizeable","9":"product_tag-white-diamond","10":"product_tag-yellow-gold","11":"pa_kollekcio-exkluziv-ekszerek","12":"pa_marka-royal-diamonds-by-alexandra-ronai","13":"pa_meret-156","14":"pa_otvozet-finomsaga-143","15":"pa_suly-95-gr","17":"first","18":"onrequest","19":"taxable","20":"shipping-taxable","21":"product-type-simple"},"acf":[],"_links":{"self":[{"href":"https:\/\/gyemantekszer.com\/en\/wp-json\/wp\/v2\/product\/247126","targetHints":{"allow":["GET"]}}],"collection":[{"href":"https:\/\/gyemantekszer.com\/en\/wp-json\/wp\/v2\/product"}],"about":[{"href":"https:\/\/gyemantekszer.com\/en\/wp-json\/wp\/v2\/types\/product"}],"replies":[{"embeddable":true,"href":"https:\/\/gyemantekszer.com\/en\/wp-json\/wp\/v2\/comments?post=247126"}],"wp:featuredmedia":[{"embeddable":true,"href":"https:\/\/gyemantekszer.com\/en\/wp-json\/wp\/v2\/media\/235466"}],"wp:attachment":[{"href":"https:\/\/gyemantekszer.com\/en\/wp-json\/wp\/v2\/media?parent=247126"}],"wp:term":[{"taxonomy":"product_brand","embeddable":true,"href":"https:\/\/gyemantekszer.com\/en\/wp-json\/wp\/v2\/product_brand?post=247126"},{"taxonomy":"product_cat","embeddable":true,"href":"https:\/\/gyemantekszer.com\/en\/wp-json\/wp\/v2\/product_cat?post=247126"},{"taxonomy":"product_tag","embeddable":true,"href":"https:\/\/gyemantekszer.com\/en\/wp-json\/wp\/v2\/product_tag?post=247126"}],"curies":[{"name":"wp","href":"https:\/\/api.w.org\/{rel}","templated":true}]}}