{"id":247115,"date":"2014-05-06T13:50:57","date_gmt":"2014-05-06T11:50:57","guid":{"rendered":"https:\/\/gyemantekszer.com\/termek\/romao-gyemant-mandzsettagomb\/"},"modified":"2025-09-29T12:40:32","modified_gmt":"2025-09-29T10:40:32","slug":"romao-gyemant-mandzsettagomb","status":"publish","type":"product","link":"https:\/\/gyemantekszer.com\/en\/product\/romao-gyemant-mandzsettagomb\/","title":{"rendered":"Romao gy\u00e9m\u00e1nt mandzsettagomb"},"content":{"rendered":"","protected":false},"excerpt":{"rendered":"<p>Feh\u00e9rarany, \u00e9s fekete gy\u00e9m\u00e1ntok kombin\u00e1ci\u00f3j\u00e1val k\u00e9sz\u00fclt exkluz\u00edv mandzsettagomb mely igazi k\u00fcl\u00f6nlegess\u00e9ge a k\u00f6z\u00e9ppontba foglalt certifk\u00e1tos r\u00f3mai \u00e9rm\u00e9k.<\/p>\n","protected":false},"featured_media":29972,"comment_status":"open","ping_status":"open","template":"","meta":{"_acf_changed":false},"product_brand":[],"product_cat":[1925],"product_tag":[1377,1378,1375],"class_list":{"0":"post-247115","1":"product","2":"type-product","3":"status-publish","4":"has-post-thumbnail","6":"product_cat-egyeb-ekszer","7":"product_tag-black-diamond","8":"product_tag-men","9":"product_tag-white-gold","10":"pa_kollekcio-exkluziv-ekszerek","11":"pa_marka-royal-diamonds-by-alexandra-ronai","12":"pa_meret-atmero-16-cm","13":"pa_otvozet-finomsaga-143","14":"pa_suly-197-gr","16":"first","17":"onrequest","18":"taxable","19":"shipping-taxable","20":"product-type-simple"},"acf":[],"_links":{"self":[{"href":"https:\/\/gyemantekszer.com\/en\/wp-json\/wp\/v2\/product\/247115","targetHints":{"allow":["GET"]}}],"collection":[{"href":"https:\/\/gyemantekszer.com\/en\/wp-json\/wp\/v2\/product"}],"about":[{"href":"https:\/\/gyemantekszer.com\/en\/wp-json\/wp\/v2\/types\/product"}],"replies":[{"embeddable":true,"href":"https:\/\/gyemantekszer.com\/en\/wp-json\/wp\/v2\/comments?post=247115"}],"wp:featuredmedia":[{"embeddable":true,"href":"https:\/\/gyemantekszer.com\/en\/wp-json\/wp\/v2\/media\/29972"}],"wp:attachment":[{"href":"https:\/\/gyemantekszer.com\/en\/wp-json\/wp\/v2\/media?parent=247115"}],"wp:term":[{"taxonomy":"product_brand","embeddable":true,"href":"https:\/\/gyemantekszer.com\/en\/wp-json\/wp\/v2\/product_brand?post=247115"},{"taxonomy":"product_cat","embeddable":true,"href":"https:\/\/gyemantekszer.com\/en\/wp-json\/wp\/v2\/product_cat?post=247115"},{"taxonomy":"product_tag","embeddable":true,"href":"https:\/\/gyemantekszer.com\/en\/wp-json\/wp\/v2\/product_tag?post=247115"}],"curies":[{"name":"wp","href":"https:\/\/api.w.org\/{rel}","templated":true}]}}