{"id":247111,"date":"2014-05-06T13:42:26","date_gmt":"2014-05-06T11:42:26","guid":{"rendered":"https:\/\/gyemantekszer.com\/termek\/valentina-gyemant-gyuru\/"},"modified":"2025-09-29T12:40:31","modified_gmt":"2025-09-29T10:40:31","slug":"valentina-gyemant-gyuru","status":"publish","type":"product","link":"https:\/\/gyemantekszer.com\/en\/product\/valentina-gyemant-gyuru\/","title":{"rendered":"Valentina gy\u00e9m\u00e1nt gy\u0171r\u0171"},"content":{"rendered":"","protected":false},"excerpt":{"rendered":"<p>Pomp\u00e1zatos gy\u00e9m\u00e1nt gy\u0171r\u0171, melyben k\u00e1pr\u00e1zatos vir\u00e1gszirmok \u00f6lelik k\u00f6rbe ezt a k\u00fcl\u00f6nleges bronzsz\u00edn\u0171 tahiti gy\u00f6ngy\u00f6t. A szirmok \u00e9s a gy\u0171r\u0171 oldala is szikr\u00e1z\u00f3 gy\u00e9m\u00e1ntokkal lettek d\u00edsz\u00edtve.<\/p>\n","protected":false},"featured_media":235432,"comment_status":"open","ping_status":"open","template":"","meta":{"_acf_changed":false},"product_brand":[],"product_cat":[1917],"product_tag":[1384,1383,1376,1379,1388],"class_list":{"0":"post-247111","1":"product","2":"type-product","3":"status-publish","4":"has-post-thumbnail","6":"product_cat-gyuru","7":"product_tag-for-ladies","8":"product_tag-sizeable","9":"product_tag-white-diamond","10":"product_tag-with-pearls","11":"product_tag-yellow-gold","12":"pa_kollekcio-exkluziv-ekszerek","13":"pa_marka-coscia","14":"pa_meret-181","15":"pa_suly-132-gr","17":"first","18":"instock","19":"sold-individually","20":"taxable","21":"shipping-taxable","22":"purchasable","23":"product-type-simple"},"acf":[],"_links":{"self":[{"href":"https:\/\/gyemantekszer.com\/en\/wp-json\/wp\/v2\/product\/247111","targetHints":{"allow":["GET"]}}],"collection":[{"href":"https:\/\/gyemantekszer.com\/en\/wp-json\/wp\/v2\/product"}],"about":[{"href":"https:\/\/gyemantekszer.com\/en\/wp-json\/wp\/v2\/types\/product"}],"replies":[{"embeddable":true,"href":"https:\/\/gyemantekszer.com\/en\/wp-json\/wp\/v2\/comments?post=247111"}],"wp:featuredmedia":[{"embeddable":true,"href":"https:\/\/gyemantekszer.com\/en\/wp-json\/wp\/v2\/media\/235432"}],"wp:attachment":[{"href":"https:\/\/gyemantekszer.com\/en\/wp-json\/wp\/v2\/media?parent=247111"}],"wp:term":[{"taxonomy":"product_brand","embeddable":true,"href":"https:\/\/gyemantekszer.com\/en\/wp-json\/wp\/v2\/product_brand?post=247111"},{"taxonomy":"product_cat","embeddable":true,"href":"https:\/\/gyemantekszer.com\/en\/wp-json\/wp\/v2\/product_cat?post=247111"},{"taxonomy":"product_tag","embeddable":true,"href":"https:\/\/gyemantekszer.com\/en\/wp-json\/wp\/v2\/product_tag?post=247111"}],"curies":[{"name":"wp","href":"https:\/\/api.w.org\/{rel}","templated":true}]}}