{"id":247110,"date":"2014-05-04T07:26:20","date_gmt":"2014-05-04T05:26:20","guid":{"rendered":"https:\/\/gyemantekszer.com\/termek\/olympia-gyemant-gyuru\/"},"modified":"2025-09-29T12:40:30","modified_gmt":"2025-09-29T10:40:30","slug":"olympia-gyemant-gyuru","status":"publish","type":"product","link":"https:\/\/gyemantekszer.com\/en\/termek\/olympia-gyemant-gyuru\/","title":{"rendered":"Olympia gy\u00e9m\u00e1nt gy\u0171r\u0171"},"content":{"rendered":"","protected":false},"excerpt":{"rendered":"<p>L\u00e1tv\u00e1nyos de m\u00e9gis k\u00f6nnyed gy\u0171r\u0171. \u00d6nmag\u00e1ban viselve is l\u00e1tv\u00e1nyos darab.<\/p>\n","protected":false},"featured_media":235429,"comment_status":"open","ping_status":"open","template":"","meta":{"_acf_changed":false},"product_brand":[],"product_cat":[1917],"product_tag":[133,140,1310,1305],"class_list":{"0":"post-247110","1":"product","2":"type-product","3":"status-publish","4":"has-post-thumbnail","6":"product_cat-gyuru","7":"product_tag-noi","8":"product_tag-meretezheto","9":"product_tag-feher-gyemant","10":"product_tag-feher-arany","11":"pa_kollekcio-exkluziv-ekszerek","12":"pa_marka-royal-diamonds-by-alexandra-ronai","13":"pa_meret-156","14":"pa_otvozet-finomsaga-143","15":"pa_suly-86-gr-2","17":"first","18":"onrequest","19":"sold-individually","20":"taxable","21":"shipping-taxable","22":"product-type-simple"},"acf":[],"_links":{"self":[{"href":"https:\/\/gyemantekszer.com\/en\/wp-json\/wp\/v2\/product\/247110","targetHints":{"allow":["GET"]}}],"collection":[{"href":"https:\/\/gyemantekszer.com\/en\/wp-json\/wp\/v2\/product"}],"about":[{"href":"https:\/\/gyemantekszer.com\/en\/wp-json\/wp\/v2\/types\/product"}],"replies":[{"embeddable":true,"href":"https:\/\/gyemantekszer.com\/en\/wp-json\/wp\/v2\/comments?post=247110"}],"wp:featuredmedia":[{"embeddable":true,"href":"https:\/\/gyemantekszer.com\/en\/wp-json\/wp\/v2\/media\/235429"}],"wp:attachment":[{"href":"https:\/\/gyemantekszer.com\/en\/wp-json\/wp\/v2\/media?parent=247110"}],"wp:term":[{"taxonomy":"product_brand","embeddable":true,"href":"https:\/\/gyemantekszer.com\/en\/wp-json\/wp\/v2\/product_brand?post=247110"},{"taxonomy":"product_cat","embeddable":true,"href":"https:\/\/gyemantekszer.com\/en\/wp-json\/wp\/v2\/product_cat?post=247110"},{"taxonomy":"product_tag","embeddable":true,"href":"https:\/\/gyemantekszer.com\/en\/wp-json\/wp\/v2\/product_tag?post=247110"}],"curies":[{"name":"wp","href":"https:\/\/api.w.org\/{rel}","templated":true}]}}