{"id":247109,"date":"2014-05-04T07:06:39","date_gmt":"2014-05-04T05:06:39","guid":{"rendered":"https:\/\/gyemantekszer.com\/termek\/violetta-gyemant-gyuru\/"},"modified":"2025-09-29T12:40:30","modified_gmt":"2025-09-29T10:40:30","slug":"violetta-gyemant-gyuru","status":"publish","type":"product","link":"https:\/\/gyemantekszer.com\/en\/product\/violetta-gyemant-gyuru\/","title":{"rendered":"Violetta gy\u00e9m\u00e1nt gy\u0171r\u0171"},"content":{"rendered":"","protected":false},"excerpt":{"rendered":"<p>K\u00fcl\u00f6nleges kokt\u00e9l gy\u0171r\u0171, melyben a gy\u00f6ny\u00f6r\u0171en megcsiszolt sz\u00ednes dr\u00e1gak\u00f6vek t\u00f6k\u00e9letes harm\u00f3ni\u00e1ban \u00e1llnak egym\u00e1ssal. Apr\u00f3 feh\u00e9r gy\u00e9m\u00e1ntok veszik k\u00f6rbe, amik kiemelik a sz\u00ednes k\u00f6vek intenz\u00edv sz\u00edn\u00e1rnyalatait.<\/p>\n","protected":false},"featured_media":235425,"comment_status":"open","ping_status":"open","template":"","meta":{"_acf_changed":false},"product_brand":[],"product_cat":[1917],"product_tag":[1384,1390,1383,1376,1375],"class_list":{"0":"post-247109","1":"product","2":"type-product","3":"status-publish","4":"has-post-thumbnail","6":"product_cat-gyuru","7":"product_tag-for-ladies","8":"product_tag-jewel-setts","9":"product_tag-sizeable","10":"product_tag-white-diamond","11":"product_tag-white-gold","12":"pa_kollekcio-exkluziv-ekszerek","13":"pa_meret-181","14":"pa_otvozet-finomsaga-143","15":"pa_suly-90-gr","17":"first","18":"instock","19":"sold-individually","20":"taxable","21":"shipping-taxable","22":"purchasable","23":"product-type-simple"},"acf":[],"_links":{"self":[{"href":"https:\/\/gyemantekszer.com\/en\/wp-json\/wp\/v2\/product\/247109","targetHints":{"allow":["GET"]}}],"collection":[{"href":"https:\/\/gyemantekszer.com\/en\/wp-json\/wp\/v2\/product"}],"about":[{"href":"https:\/\/gyemantekszer.com\/en\/wp-json\/wp\/v2\/types\/product"}],"replies":[{"embeddable":true,"href":"https:\/\/gyemantekszer.com\/en\/wp-json\/wp\/v2\/comments?post=247109"}],"wp:featuredmedia":[{"embeddable":true,"href":"https:\/\/gyemantekszer.com\/en\/wp-json\/wp\/v2\/media\/235425"}],"wp:attachment":[{"href":"https:\/\/gyemantekszer.com\/en\/wp-json\/wp\/v2\/media?parent=247109"}],"wp:term":[{"taxonomy":"product_brand","embeddable":true,"href":"https:\/\/gyemantekszer.com\/en\/wp-json\/wp\/v2\/product_brand?post=247109"},{"taxonomy":"product_cat","embeddable":true,"href":"https:\/\/gyemantekszer.com\/en\/wp-json\/wp\/v2\/product_cat?post=247109"},{"taxonomy":"product_tag","embeddable":true,"href":"https:\/\/gyemantekszer.com\/en\/wp-json\/wp\/v2\/product_tag?post=247109"}],"curies":[{"name":"wp","href":"https:\/\/api.w.org\/{rel}","templated":true}]}}