{"id":247107,"date":"2014-05-04T06:55:55","date_gmt":"2014-05-04T04:55:55","guid":{"rendered":"https:\/\/gyemantekszer.com\/termek\/zarah-gyemant-nyakek\/"},"modified":"2026-01-07T17:08:40","modified_gmt":"2026-01-07T16:08:40","slug":"zarah-gyemant-nyakek","status":"publish","type":"product","link":"https:\/\/gyemantekszer.com\/en\/product\/zarah-gyemant-nyakek\/","title":{"rendered":"Zarah gy\u00e9m\u00e1nt nyak\u00e9k"},"content":{"rendered":"","protected":false},"excerpt":{"rendered":"<p>Fiatalos, modern gy\u00e9m\u00e1nt nyak\u00e9k, melyben a fekete selyemb\u0151l \u00e1ll\u00f3 l\u00e1ncr\u00e9szt \u00e9s a k\u00f6r alak\u00fa fekete \u00f3nix dr\u00e1gak\u00f6vet feh\u00e9r gy\u00e9m\u00e1ntos r\u00e9sz fogja \u00f6ssze.<\/p>\n","protected":false},"featured_media":235420,"comment_status":"open","ping_status":"closed","template":"","meta":{"_acf_changed":false},"product_brand":[],"product_cat":[1923],"product_tag":[133,1310,1305],"class_list":{"0":"post-247107","1":"product","2":"type-product","3":"status-publish","4":"has-post-thumbnail","6":"product_cat-nyakek","7":"product_tag-noi","8":"product_tag-feher-gyemant","9":"product_tag-feher-arany","10":"pa_kollekcio-exkluziv-ekszerek","11":"pa_marka-royal-diamonds-by-alexandra-ronai","12":"pa_meret-kulon-a-lanc-resz-55-cm","13":"pa_meret-medal-resz-4-cm","14":"pa_otvozet-finomsaga-143","15":"pa_suly-171-gr","17":"first","18":"instock","19":"sale","20":"sold-individually","21":"taxable","22":"shipping-taxable","23":"purchasable","24":"product-type-simple"},"acf":[],"_links":{"self":[{"href":"https:\/\/gyemantekszer.com\/en\/wp-json\/wp\/v2\/product\/247107","targetHints":{"allow":["GET"]}}],"collection":[{"href":"https:\/\/gyemantekszer.com\/en\/wp-json\/wp\/v2\/product"}],"about":[{"href":"https:\/\/gyemantekszer.com\/en\/wp-json\/wp\/v2\/types\/product"}],"replies":[{"embeddable":true,"href":"https:\/\/gyemantekszer.com\/en\/wp-json\/wp\/v2\/comments?post=247107"}],"wp:featuredmedia":[{"embeddable":true,"href":"https:\/\/gyemantekszer.com\/en\/wp-json\/wp\/v2\/media\/235420"}],"wp:attachment":[{"href":"https:\/\/gyemantekszer.com\/en\/wp-json\/wp\/v2\/media?parent=247107"}],"wp:term":[{"taxonomy":"product_brand","embeddable":true,"href":"https:\/\/gyemantekszer.com\/en\/wp-json\/wp\/v2\/product_brand?post=247107"},{"taxonomy":"product_cat","embeddable":true,"href":"https:\/\/gyemantekszer.com\/en\/wp-json\/wp\/v2\/product_cat?post=247107"},{"taxonomy":"product_tag","embeddable":true,"href":"https:\/\/gyemantekszer.com\/en\/wp-json\/wp\/v2\/product_tag?post=247107"}],"curies":[{"name":"wp","href":"https:\/\/api.w.org\/{rel}","templated":true}]}}