{"id":247105,"date":"2018-12-01T10:30:37","date_gmt":"2018-12-01T09:30:37","guid":{"rendered":"https:\/\/gyemantekszer.com\/termek\/tazia-gyemant-gyuru\/"},"modified":"2025-09-29T12:40:29","modified_gmt":"2025-09-29T10:40:29","slug":"tazia-gyemant-gyuru","status":"publish","type":"product","link":"https:\/\/gyemantekszer.com\/en\/termek\/tazia-gyemant-gyuru\/","title":{"rendered":"Triniti gy\u00e9m\u00e1nt gy\u0171r\u0171"},"content":{"rendered":"","protected":false},"excerpt":{"rendered":"<p>H\u00e1romsz\u00edn\u0171 aranyb\u00f3l k\u00e9sz\u00fclt eleg\u00e1ns gy\u00e9m\u00e1nt gy\u0171r\u0171, melynek mind a 3 r\u00e9sze teljesen k\u00f6rbe lett foglalva gy\u00e9m\u00e1ntokkal.<\/p>\n","protected":false},"featured_media":234398,"comment_status":"open","ping_status":"open","template":"","meta":{"_acf_changed":false},"product_brand":[],"product_cat":[1979],"product_tag":[1384,1385,1376,1375,1388],"class_list":{"0":"post-247105","1":"product","2":"type-product","3":"status-publish","4":"has-post-thumbnail","6":"product_cat-wedding-ring","7":"product_tag-for-ladies","8":"product_tag-rose-gold","9":"product_tag-white-diamond","10":"product_tag-white-gold","11":"product_tag-yellow-gold","12":"pa_kollekcio-exkluziv-ekszerek","13":"pa_meret-259","14":"pa_otvozet-finomsaga-143","15":"pa_suly-57-gr","17":"first","18":"instock","19":"sold-individually","20":"taxable","21":"shipping-taxable","22":"purchasable","23":"product-type-simple"},"acf":[],"_links":{"self":[{"href":"https:\/\/gyemantekszer.com\/en\/wp-json\/wp\/v2\/product\/247105","targetHints":{"allow":["GET"]}}],"collection":[{"href":"https:\/\/gyemantekszer.com\/en\/wp-json\/wp\/v2\/product"}],"about":[{"href":"https:\/\/gyemantekszer.com\/en\/wp-json\/wp\/v2\/types\/product"}],"replies":[{"embeddable":true,"href":"https:\/\/gyemantekszer.com\/en\/wp-json\/wp\/v2\/comments?post=247105"}],"wp:featuredmedia":[{"embeddable":true,"href":"https:\/\/gyemantekszer.com\/en\/wp-json\/wp\/v2\/media\/234398"}],"wp:attachment":[{"href":"https:\/\/gyemantekszer.com\/en\/wp-json\/wp\/v2\/media?parent=247105"}],"wp:term":[{"taxonomy":"product_brand","embeddable":true,"href":"https:\/\/gyemantekszer.com\/en\/wp-json\/wp\/v2\/product_brand?post=247105"},{"taxonomy":"product_cat","embeddable":true,"href":"https:\/\/gyemantekszer.com\/en\/wp-json\/wp\/v2\/product_cat?post=247105"},{"taxonomy":"product_tag","embeddable":true,"href":"https:\/\/gyemantekszer.com\/en\/wp-json\/wp\/v2\/product_tag?post=247105"}],"curies":[{"name":"wp","href":"https:\/\/api.w.org\/{rel}","templated":true}]}}