{"id":247096,"date":"2016-05-03T14:15:51","date_gmt":"2016-05-03T12:15:51","guid":{"rendered":"https:\/\/gyemantekszer.com\/termek\/rosetta-gyemant-fulbevalo\/"},"modified":"2025-09-29T12:40:20","modified_gmt":"2025-09-29T10:40:20","slug":"rosetta-gyemant-fulbevalo","status":"publish","type":"product","link":"https:\/\/gyemantekszer.com\/en\/product\/rosetta-gyemant-fulbevalo\/","title":{"rendered":"Rosetta gy\u00e9m\u00e1nt f\u00fclbeval\u00f3"},"content":{"rendered":"","protected":false},"excerpt":{"rendered":"<p>Elb\u0171v\u00f6l\u0151en szikr\u00e1z\u00f3 igaz\u00e1n \u00e9rt\u00e9kes hangs\u00falyos gy\u00e9m\u00e1nt f\u00fclbeval\u00f3. Felt\u0171n\u0151 m\u00e9rete \u00e9s csillog\u00e1sa miatt \u00f6n\u00e1ll\u00f3an viselve is t\u00f6k\u00e9letes v\u00e1laszt\u00e1s b\u00e1lokra \u00e9s est\u00e9lyekre.<\/p>\n","protected":false},"featured_media":235390,"comment_status":"open","ping_status":"open","template":"","meta":{"_acf_changed":false},"product_brand":[],"product_cat":[1918],"product_tag":[1384,1376,1375],"class_list":{"0":"post-247096","1":"product","2":"type-product","3":"status-publish","4":"has-post-thumbnail","6":"product_cat-fulbevalo","7":"product_tag-for-ladies","8":"product_tag-white-diamond","9":"product_tag-white-gold","10":"pa_kollekcio-exkluziv-ekszerek","11":"pa_marka-royal-diamonds-by-alexandra-ronai","12":"pa_meret-90-cm-hosszu","13":"pa_otvozet-finomsaga-143","14":"pa_suly-389-gr","16":"first","17":"onlyphone","18":"sold-individually","19":"taxable","20":"shipping-taxable","21":"product-type-simple"},"acf":[],"_links":{"self":[{"href":"https:\/\/gyemantekszer.com\/en\/wp-json\/wp\/v2\/product\/247096","targetHints":{"allow":["GET"]}}],"collection":[{"href":"https:\/\/gyemantekszer.com\/en\/wp-json\/wp\/v2\/product"}],"about":[{"href":"https:\/\/gyemantekszer.com\/en\/wp-json\/wp\/v2\/types\/product"}],"replies":[{"embeddable":true,"href":"https:\/\/gyemantekszer.com\/en\/wp-json\/wp\/v2\/comments?post=247096"}],"wp:featuredmedia":[{"embeddable":true,"href":"https:\/\/gyemantekszer.com\/en\/wp-json\/wp\/v2\/media\/235390"}],"wp:attachment":[{"href":"https:\/\/gyemantekszer.com\/en\/wp-json\/wp\/v2\/media?parent=247096"}],"wp:term":[{"taxonomy":"product_brand","embeddable":true,"href":"https:\/\/gyemantekszer.com\/en\/wp-json\/wp\/v2\/product_brand?post=247096"},{"taxonomy":"product_cat","embeddable":true,"href":"https:\/\/gyemantekszer.com\/en\/wp-json\/wp\/v2\/product_cat?post=247096"},{"taxonomy":"product_tag","embeddable":true,"href":"https:\/\/gyemantekszer.com\/en\/wp-json\/wp\/v2\/product_tag?post=247096"}],"curies":[{"name":"wp","href":"https:\/\/api.w.org\/{rel}","templated":true}]}}