{"id":247087,"date":"2014-05-02T15:13:16","date_gmt":"2014-05-02T13:13:16","guid":{"rendered":"https:\/\/gyemantekszer.com\/termek\/lariat-gyemant-fulbevalo\/"},"modified":"2025-09-29T12:40:18","modified_gmt":"2025-09-29T10:40:18","slug":"lariat-gyemant-fulbevalo","status":"publish","type":"product","link":"https:\/\/gyemantekszer.com\/en\/termek\/lariat-gyemant-fulbevalo\/","title":{"rendered":"Lariat gy\u00e9m\u00e1nt f\u00fclbeval\u00f3"},"content":{"rendered":"","protected":false},"excerpt":{"rendered":"<p>Gy\u00f6ny\u00f6r\u0171 vari\u00e1lhat\u00f3 gy\u00e9m\u00e1nt f\u00fclbeval\u00f3, a hossz\u00fa konyak gy\u00e9m\u00e1ntokkal d\u00edsz\u00edtett gy\u00f6ngy\u00f6s l\u00f3g\u00f3 r\u00e9sz levehet\u0151 \u00e9s \u00edgy egy h\u00e9tk\u00f6znapi visel\u00e9sre alkalmas szolid ros\u00e9 buton f\u00fclbeval\u00f3t kapunk.<\/p>\n","protected":false},"featured_media":235367,"comment_status":"open","ping_status":"open","template":"","meta":{"_acf_changed":false},"product_brand":[],"product_cat":[1918],"product_tag":[133,138,1310,136,1307],"class_list":{"0":"post-247087","1":"product","2":"type-product","3":"status-publish","4":"has-post-thumbnail","6":"product_cat-fulbevalo","7":"product_tag-noi","8":"product_tag-ekszer-szett","9":"product_tag-feher-gyemant","10":"product_tag-gyongyos","11":"product_tag-sarga-arany","12":"pa_kollekcio-exkluziv-ekszerek","13":"pa_marka-mariani","14":"pa_meret-5-cm-hosszu","15":"pa_otvozet-finomsaga-143","16":"pa_suly-120-gr","17":"pa_zarak-stekkeres-atszuros-zar","19":"first","20":"onrequest","21":"taxable","22":"shipping-taxable","23":"product-type-simple"},"acf":[],"_links":{"self":[{"href":"https:\/\/gyemantekszer.com\/en\/wp-json\/wp\/v2\/product\/247087","targetHints":{"allow":["GET"]}}],"collection":[{"href":"https:\/\/gyemantekszer.com\/en\/wp-json\/wp\/v2\/product"}],"about":[{"href":"https:\/\/gyemantekszer.com\/en\/wp-json\/wp\/v2\/types\/product"}],"replies":[{"embeddable":true,"href":"https:\/\/gyemantekszer.com\/en\/wp-json\/wp\/v2\/comments?post=247087"}],"wp:featuredmedia":[{"embeddable":true,"href":"https:\/\/gyemantekszer.com\/en\/wp-json\/wp\/v2\/media\/235367"}],"wp:attachment":[{"href":"https:\/\/gyemantekszer.com\/en\/wp-json\/wp\/v2\/media?parent=247087"}],"wp:term":[{"taxonomy":"product_brand","embeddable":true,"href":"https:\/\/gyemantekszer.com\/en\/wp-json\/wp\/v2\/product_brand?post=247087"},{"taxonomy":"product_cat","embeddable":true,"href":"https:\/\/gyemantekszer.com\/en\/wp-json\/wp\/v2\/product_cat?post=247087"},{"taxonomy":"product_tag","embeddable":true,"href":"https:\/\/gyemantekszer.com\/en\/wp-json\/wp\/v2\/product_tag?post=247087"}],"curies":[{"name":"wp","href":"https:\/\/api.w.org\/{rel}","templated":true}]}}