{"id":247066,"date":"2014-04-01T07:56:41","date_gmt":"2014-04-01T05:56:41","guid":{"rendered":"https:\/\/gyemantekszer.com\/termek\/fusione-gyemant-karikagyuru\/"},"modified":"2025-09-29T12:40:05","modified_gmt":"2025-09-29T10:40:05","slug":"fusione-gyemant-karikagyuru","status":"publish","type":"product","link":"https:\/\/gyemantekszer.com\/en\/product\/fusione-gyemant-karikagyuru\/","title":{"rendered":"Fusione gy\u00e9m\u00e1nt karikagy\u0171r\u0171"},"content":{"rendered":"","protected":false},"excerpt":{"rendered":"<p style=\"text-align: left;\">Csod\u00e1latos teljesen k\u00f6rbek\u00f6ves karikagy\u0171r\u0171. A fekete gy\u00e9m\u00e1ntok gy\u00f6ny\u00f6r\u0171 keretet adnak a feh\u00e9r gy\u00e9m\u00e1ntoknak.<\/p>\n","protected":false},"featured_media":235318,"comment_status":"open","ping_status":"open","template":"","meta":{"_acf_changed":false},"product_brand":[],"product_cat":[1919],"product_tag":[1377,1373,1384,1390,1378,1376,1375],"class_list":{"0":"post-247066","1":"product","2":"type-product","3":"status-publish","4":"has-post-thumbnail","6":"product_cat-karikagyuru","7":"product_tag-black-diamond","8":"product_tag-engagement","9":"product_tag-for-ladies","10":"product_tag-jewel-setts","11":"product_tag-men","12":"product_tag-white-diamond","13":"product_tag-white-gold","14":"pa_kollekcio-exkluziv-ekszerek","15":"pa_meret-188","16":"pa_otvozet-finomsaga-143","17":"pa_suly-65-gr","19":"first","20":"instock","21":"sold-individually","22":"taxable","23":"shipping-taxable","24":"purchasable","25":"product-type-simple"},"acf":[],"_links":{"self":[{"href":"https:\/\/gyemantekszer.com\/en\/wp-json\/wp\/v2\/product\/247066","targetHints":{"allow":["GET"]}}],"collection":[{"href":"https:\/\/gyemantekszer.com\/en\/wp-json\/wp\/v2\/product"}],"about":[{"href":"https:\/\/gyemantekszer.com\/en\/wp-json\/wp\/v2\/types\/product"}],"replies":[{"embeddable":true,"href":"https:\/\/gyemantekszer.com\/en\/wp-json\/wp\/v2\/comments?post=247066"}],"wp:featuredmedia":[{"embeddable":true,"href":"https:\/\/gyemantekszer.com\/en\/wp-json\/wp\/v2\/media\/235318"}],"wp:attachment":[{"href":"https:\/\/gyemantekszer.com\/en\/wp-json\/wp\/v2\/media?parent=247066"}],"wp:term":[{"taxonomy":"product_brand","embeddable":true,"href":"https:\/\/gyemantekszer.com\/en\/wp-json\/wp\/v2\/product_brand?post=247066"},{"taxonomy":"product_cat","embeddable":true,"href":"https:\/\/gyemantekszer.com\/en\/wp-json\/wp\/v2\/product_cat?post=247066"},{"taxonomy":"product_tag","embeddable":true,"href":"https:\/\/gyemantekszer.com\/en\/wp-json\/wp\/v2\/product_tag?post=247066"}],"curies":[{"name":"wp","href":"https:\/\/api.w.org\/{rel}","templated":true}]}}